{"id":9,"date":"2026-03-04T16:10:44","date_gmt":"2026-03-04T19:10:44","guid":{"rendered":"http:\/\/institutoipas.org.br\/?page_id=9"},"modified":"2026-03-09T17:21:12","modified_gmt":"2026-03-09T20:21:12","slug":"sobre","status":"publish","type":"page","link":"https:\/\/institutoipas.org.br\/?page_id=9","title":{"rendered":"Sobre"},"content":{"rendered":"\n<h2 class=\"wp-block-heading\">Quem Somos?<\/h2>\n\n\n\n<p>O <strong>Instituto Piau\u00ed de A\u00e7\u00e3o Social (IPAS)<\/strong> \u00e9 uma organiza\u00e7\u00e3o da sociedade civil, sem fins lucrativos, de direito privado, fundada em 29 de agosto de 2012, que atua na promo\u00e7\u00e3o de a\u00e7\u00f5es voltadas ao desenvolvimento educacional, cultural e social. A institui\u00e7\u00e3o desenvolve atividades de apoio \u00e0 educa\u00e7\u00e3o, consultoria, assessoria e orienta\u00e7\u00e3o em gest\u00e3o, organiza\u00e7\u00e3o institucional, finan\u00e7as, economia e sustentabilidade ambiental, al\u00e9m de promover iniciativas culturais, educacionais e sociais por meio da elabora\u00e7\u00e3o e execu\u00e7\u00e3o de projetos, programas e atividades formativas.<\/p>\n\n\n\n<p>No \u00e2mbito cultural, o Instituto atua na difus\u00e3o e valoriza\u00e7\u00e3o das express\u00f5es art\u00edsticas, incluindo teatro, dan\u00e7a, m\u00fasica, cinema e artes visuais, bem como na realiza\u00e7\u00e3o de congressos, semin\u00e1rios, exposi\u00e7\u00f5es e eventos culturais. Tamb\u00e9m possui compet\u00eancia para criar, desenvolver e manter iniciativas educacionais em diferentes n\u00edveis e modalidades, contribuindo para a forma\u00e7\u00e3o cidad\u00e3 e para o fortalecimento da cultura e da educa\u00e7\u00e3o.<\/p>\n\n\n\n<p>Para o cumprimento de suas finalidades institucionais, o IPAS estabelece parcerias, conv\u00eanios, contratos e demais instrumentos jur\u00eddicos com \u00f3rg\u00e3os p\u00fablicos, entidades privadas, empresas e organiza\u00e7\u00f5es da sociedade civil, em \u00e2mbito municipal, estadual e federal. Suas a\u00e7\u00f5es podem ocorrer por meio da execu\u00e7\u00e3o direta de projetos e programas, da coopera\u00e7\u00e3o institucional, da presta\u00e7\u00e3o de servi\u00e7os de apoio a outras organiza\u00e7\u00f5es e da mobiliza\u00e7\u00e3o de recursos humanos, f\u00edsicos e financeiros.<\/p>\n\n\n\n<p>A estrutura administrativa do Instituto \u00e9 composta por Presidente, Tesoureiro e Secret\u00e1rio, respons\u00e1veis pela condu\u00e7\u00e3o das atividades institucionais. O <strong>Instituto Piau\u00ed de A\u00e7\u00e3o Social<\/strong> pauta sua atua\u00e7\u00e3o em princ\u00edpios de transpar\u00eancia, responsabilidade e profissionalismo, buscando promover iniciativas de relevante impacto social e contribuir para o desenvolvimento sustent\u00e1vel das comunidades atendidas. <\/p>\n","protected":false},"excerpt":{"rendered":"<p>Quem Somos? O Instituto Piau\u00ed de A\u00e7\u00e3o Social (IPAS) \u00e9 uma organiza\u00e7\u00e3o da sociedade civil, sem fins lucrativos, de direito privado, fundada em 29 de agosto de 2012, que atua na promo\u00e7\u00e3o de a\u00e7\u00f5es voltadas ao desenvolvimento educacional, cultural e social. A institui\u00e7\u00e3o desenvolve atividades de apoio \u00e0 educa\u00e7\u00e3o, consultoria, assessoria e orienta\u00e7\u00e3o em gest\u00e3o, [&hellip;]<\/p>\n","protected":false},"author":1,"featured_media":0,"parent":0,"menu_order":0,"comment_status":"closed","ping_status":"closed","template":"","meta":{"saved_in_kubio":false,"footnotes":""},"class_list":["post-9","page","type-page","status-publish","hentry"],"kubio_ai_page_context":{"short_desc":"","purpose":"general"},"_links":{"self":[{"href":"https:\/\/institutoipas.org.br\/index.php?rest_route=\/wp\/v2\/pages\/9","targetHints":{"allow":["GET"]}}],"collection":[{"href":"https:\/\/institutoipas.org.br\/index.php?rest_route=\/wp\/v2\/pages"}],"about":[{"href":"https:\/\/institutoipas.org.br\/index.php?rest_route=\/wp\/v2\/types\/page"}],"author":[{"embeddable":true,"href":"https:\/\/institutoipas.org.br\/index.php?rest_route=\/wp\/v2\/users\/1"}],"replies":[{"embeddable":true,"href":"https:\/\/institutoipas.org.br\/index.php?rest_route=%2Fwp%2Fv2%2Fcomments&post=9"}],"version-history":[{"count":3,"href":"https:\/\/institutoipas.org.br\/index.php?rest_route=\/wp\/v2\/pages\/9\/revisions"}],"predecessor-version":[{"id":126,"href":"https:\/\/institutoipas.org.br\/index.php?rest_route=\/wp\/v2\/pages\/9\/revisions\/126"}],"wp:attachment":[{"href":"https:\/\/institutoipas.org.br\/index.php?rest_route=%2Fwp%2Fv2%2Fmedia&parent=9"}],"curies":[{"name":"wp","href":"https:\/\/api.w.org\/{rel}","templated":true}]}}