{"id":30,"date":"2026-03-04T17:56:06","date_gmt":"2026-03-04T20:56:06","guid":{"rendered":"http:\/\/institutoipas.org.br\/?page_id=30"},"modified":"2026-03-12T16:38:58","modified_gmt":"2026-03-12T19:38:58","slug":"transparencia","status":"publish","type":"page","link":"https:\/\/institutoipas.org.br\/?page_id=30","title":{"rendered":"Transpar\u00eancia"},"content":{"rendered":"\n<p>SECULT-PI PROJETO CAPOEIRA<\/p>\n\n\n\n<p>O projeto <strong>Capoeira Cultura e Arte: N\u00facleo de Base de Pr\u00e1tica e Preserva\u00e7\u00e3o da Arte Capoeira<\/strong> foi uma iniciativa do <strong>Instituto Piau\u00ed de A\u00e7\u00e3o Social (IPAS)<\/strong>, executada com recursos disponibilizados pela <strong>Secretaria de Estado da Cultura do Piau\u00ed (SECULT-PI)<\/strong>. A a\u00e7\u00e3o teve como objetivo promover a valoriza\u00e7\u00e3o da cultura popular, incentivando a pr\u00e1tica da capoeira como instrumento de forma\u00e7\u00e3o cultural, inclus\u00e3o social e preserva\u00e7\u00e3o das tradi\u00e7\u00f5es afro-brasileiras.<\/p>\n\n\n\n<p><a href=\"http:\/\/institutoipas.org.br\/wp-content\/uploads\/2026\/03\/TERMO_DE_FOMENTO_119___2024-1-1.pdf\">TERMO DE FORMENTO N\u00ba 119\/2024 <br><\/a><\/p>\n\n\n\n<p><a href=\"http:\/\/institutoipas.org.br\/wp-content\/uploads\/2026\/03\/Relacao-de-Frequencia.pdf\">RELA\u00c7\u00c3O DE FREQU\u00caNCIA<\/a><\/p>\n\n\n\n<p><a href=\"http:\/\/institutoipas.org.br\/wp-content\/uploads\/2026\/03\/Relatorio-de-execucao-Financeira.pdf\">RELAT\u00d3RIO DE EXECU\u00c7\u00c3O FINANCEIRA<\/a><\/p>\n\n\n\n<p><a href=\"http:\/\/institutoipas.org.br\/wp-content\/uploads\/2026\/03\/Relatorio-de-Conciliacao-Bancaria.pdf\">CONCILIA\u00c7\u00c3O BANC\u00c1RIA<\/a><\/p>\n\n\n\n<p><a href=\"http:\/\/institutoipas.org.br\/wp-content\/uploads\/2026\/03\/Fotos-2.pdf\">M\u00cdDIAS DO EVENTO<\/a><\/p>\n\n\n\n<div class=\"wp-block-columns alignwide is-layout-flex wp-container-core-columns-is-layout-9d6595d7 wp-block-columns-is-layout-flex\">\n<div class=\"wp-block-column is-vertically-aligned-center is-layout-flow wp-block-column-is-layout-flow\" style=\"flex-basis:100%\">\n<hr class=\"wp-block-separator has-text-color has-kubio-color-1-color has-alpha-channel-opacity has-kubio-color-1-background-color has-background is-style-wide\"\/>\n<\/div>\n<\/div>\n\n\n\n<p>PREFEITURA CRISTINO CASTRO &#8211; CORRIDA 72 ANOS DE CRISTINO CASTRO<\/p>\n\n\n\n<blockquote class=\"wp-block-quote is-layout-flow wp-block-quote-is-layout-flow\">\n<p>O projeto <strong>Corrida 72 Anos de Cristino Castro<\/strong> foi uma iniciativa do Instituto Piau\u00ed de A\u00e7\u00e3o Social (IPAS), executada com recursos provenientes de conv\u00eanio firmado com a <strong>Prefeitura Municipal de Cristino Castro<\/strong>. A a\u00e7\u00e3o teve como objetivo incentivar a pr\u00e1tica esportiva, promover sa\u00fade e bem-estar e fortalecer a integra\u00e7\u00e3o da comunidade por meio do esporte, celebrando o anivers\u00e1rio de emancipa\u00e7\u00e3o do munic\u00edpio e estimulando a participa\u00e7\u00e3o cidad\u00e3 e a valoriza\u00e7\u00e3o das atividades esportivas locais.<\/p>\n<\/blockquote>\n\n\n\n<p><a href=\"http:\/\/institutoipas.org.br\/wp-content\/uploads\/2026\/03\/corrida_republica.pdf\">PATROC\u00cdNIO DE N\u00ba 33\/2024<\/a><\/p>\n\n\n\n<p><a href=\"http:\/\/institutoipas.org.br\/wp-content\/uploads\/2026\/03\/EXTRATO-TERMO-DE-PARCERIA-001_2025.pdf\">TERMO DE PARCERIA<\/a><\/p>\n\n\n\n<p><a href=\"http:\/\/institutoipas.org.br\/wp-content\/uploads\/2026\/03\/Execucao-Financeira.pdf\">EXECU\u00c7\u00c3O FINANCEIRA<\/a><\/p>\n\n\n\n<p><a href=\"http:\/\/institutoipas.org.br\/wp-content\/uploads\/2026\/03\/Conciliacao-Bancaria.pdf\">CONCILIA\u00c7\u00c3O BANC\u00c1RIA<\/a><\/p>\n\n\n\n<p><a href=\"http:\/\/institutoipas.org.br\/wp-content\/uploads\/2026\/03\/Fotos-3.pdf\">M\u00cdDIAS DO EVENTO<\/a><\/p>\n\n\n\n<hr class=\"wp-block-separator has-text-color has-kubio-color-1-color has-alpha-channel-opacity has-kubio-color-1-background-color has-background is-style-wide\"\/>\n\n\n\n<p>SECEPI &#8211; CORRIDA DA PROCLAMA\u00c7\u00c3O DA REP\u00daBLICA<\/p>\n\n\n\n<blockquote class=\"wp-block-quote is-layout-flow wp-block-quote-is-layout-flow\">\n<p>O <strong>Projeto Corrida da Proclama\u00e7\u00e3o da Rep\u00fablica<\/strong> foi uma iniciativa do <strong>Instituto Piau\u00ed de A\u00e7\u00e3o Social (IPAS)<\/strong>, executada com recursos disponibilizados pela <strong>Secretaria dos Esportes do Estado do Piau\u00ed (SECEPI)<\/strong>, em parceria com o <strong>Governo do Estado do Piau\u00ed<\/strong>. A a\u00e7\u00e3o teve como objetivo incentivar a pr\u00e1tica esportiva, promover sa\u00fade e bem-estar e fortalecer a integra\u00e7\u00e3o da comunidade por meio do esporte, em alus\u00e3o \u00e0s comemora\u00e7\u00f5es da Proclama\u00e7\u00e3o da Rep\u00fablica, estimulando a participa\u00e7\u00e3o cidad\u00e3 e a valoriza\u00e7\u00e3o das atividades esportivas.<\/p>\n<\/blockquote>\n\n\n\n<p><a href=\"http:\/\/institutoipas.org.br\/wp-content\/uploads\/2026\/03\/Execucao-Financeira-1.pdf\">EXECU\u00c7\u00c3O FINANCEIRA<\/a><\/p>\n\n\n\n<p><a href=\"http:\/\/institutoipas.org.br\/wp-content\/uploads\/2026\/03\/Pagamentos.pdf\">RELA\u00c7\u00c3O DE PAGAMENTOS <\/a><\/p>\n\n\n\n<p><a href=\"http:\/\/institutoipas.org.br\/wp-content\/uploads\/2026\/03\/Receita-Despesa.pdf\">RECEITA DAS DESPESAS<\/a><\/p>\n\n\n\n<p><a href=\"http:\/\/institutoipas.org.br\/wp-content\/uploads\/2026\/03\/Execucao-Objeto.pdf\">EXECU\u00c7\u00c3O DO PROJETO<\/a><\/p>\n\n\n\n<p><a href=\"http:\/\/institutoipas.org.br\/wp-content\/uploads\/2026\/03\/Fotos-3-1.pdf\">M\u00cdDIAS DO EVENTO<\/a><\/p>\n","protected":false},"excerpt":{"rendered":"<p>SECULT-PI PROJETO CAPOEIRA O projeto Capoeira Cultura e Arte: N\u00facleo de Base de Pr\u00e1tica e Preserva\u00e7\u00e3o da Arte Capoeira foi uma iniciativa do Instituto Piau\u00ed de A\u00e7\u00e3o Social (IPAS), executada com recursos disponibilizados pela Secretaria de Estado da Cultura do Piau\u00ed (SECULT-PI). A a\u00e7\u00e3o teve como objetivo promover a valoriza\u00e7\u00e3o da cultura popular, incentivando a [&hellip;]<\/p>\n","protected":false},"author":1,"featured_media":0,"parent":0,"menu_order":0,"comment_status":"closed","ping_status":"closed","template":"","meta":{"saved_in_kubio":false,"footnotes":""},"class_list":["post-30","page","type-page","status-publish","hentry"],"kubio_ai_page_context":{"short_desc":"","purpose":"general"},"_links":{"self":[{"href":"https:\/\/institutoipas.org.br\/index.php?rest_route=\/wp\/v2\/pages\/30","targetHints":{"allow":["GET"]}}],"collection":[{"href":"https:\/\/institutoipas.org.br\/index.php?rest_route=\/wp\/v2\/pages"}],"about":[{"href":"https:\/\/institutoipas.org.br\/index.php?rest_route=\/wp\/v2\/types\/page"}],"author":[{"embeddable":true,"href":"https:\/\/institutoipas.org.br\/index.php?rest_route=\/wp\/v2\/users\/1"}],"replies":[{"embeddable":true,"href":"https:\/\/institutoipas.org.br\/index.php?rest_route=%2Fwp%2Fv2%2Fcomments&post=30"}],"version-history":[{"count":17,"href":"https:\/\/institutoipas.org.br\/index.php?rest_route=\/wp\/v2\/pages\/30\/revisions"}],"predecessor-version":[{"id":204,"href":"https:\/\/institutoipas.org.br\/index.php?rest_route=\/wp\/v2\/pages\/30\/revisions\/204"}],"wp:attachment":[{"href":"https:\/\/institutoipas.org.br\/index.php?rest_route=%2Fwp%2Fv2%2Fmedia&parent=30"}],"curies":[{"name":"wp","href":"https:\/\/api.w.org\/{rel}","templated":true}]}}