{"id":27,"date":"2026-03-04T17:53:11","date_gmt":"2026-03-04T20:53:11","guid":{"rendered":"http:\/\/institutoipas.org.br\/?page_id=27"},"modified":"2026-03-12T21:11:55","modified_gmt":"2026-03-13T00:11:55","slug":"projetos","status":"publish","type":"page","link":"https:\/\/institutoipas.org.br\/?page_id=27","title":{"rendered":"Projetos"},"content":{"rendered":"\n<h2 class=\"wp-block-heading has-text-align-center\">Projetos em Execu\u00e7\u00e3o<\/h2>\n\n\n\n<p class=\"has-text-align-center\"><strong>\u203c\ufe0fSem Projetos em Execu\u00e7\u00e3o\u203c\ufe0f<\/strong><\/p>\n\n\n\n<div class=\"wp-block-columns is-layout-flex wp-container-core-columns-is-layout-9d6595d7 wp-block-columns-is-layout-flex\">\n<div class=\"wp-block-column is-vertically-aligned-stretch is-layout-flow wp-block-column-is-layout-flow\"><\/div>\n<\/div>\n\n\n\n<h2 class=\"wp-block-heading has-text-align-center\">Projetos Executados<\/h2>\n\n\n\n<p><a href=\"http:\/\/institutoipas.org.br\/wp-content\/uploads\/2026\/03\/Plano-de-Trabalho-SECULT-CAPOEIRA-100-MIL.pdf\"><strong>SECULT &#8211; CAPOERIA<\/strong><\/a><\/p>\n\n\n\n<p>O projeto <strong>Capoeira Cultura e Arte: N\u00facleo de Base de Pr\u00e1tica e Preserva\u00e7\u00e3o da Arte Capoeira<\/strong> \u00e9 uma iniciativa do <strong>Instituto Piau\u00ed de A\u00e7\u00e3o Social (IPAS)<\/strong>, realizada com recursos disponibilizados pela <strong>Secretaria de Estado da Cultura do Piau\u00ed (SECULT-PI)<\/strong>. A a\u00e7\u00e3o tem como objetivo promover a valoriza\u00e7\u00e3o da cultura popular, incentivando a pr\u00e1tica da capoeira como instrumento de forma\u00e7\u00e3o cultural, inclus\u00e3o social e preserva\u00e7\u00e3o das tradi\u00e7\u00f5es afro-brasileiras.<\/p>\n\n\n\n<p>Durante sua execu\u00e7\u00e3o, o projeto atendeu <strong>mais de 200 capoeiristas<\/strong>, entre crian\u00e7as, jovens e adultos, proporcionando um espa\u00e7o de aprendizado, conviv\u00eancia e fortalecimento da identidade cultural. <strong>As atividades foram organizadas em 5 (cinco) turmas de 20 (vinte) alunos<\/strong>, permitindo um acompanhamento mais pr\u00f3ximo dos participantes e melhor desenvolvimento das pr\u00e1ticas.<\/p>\n\n\n\n<p><strong>O projeto teve dura\u00e7\u00e3o de 04 (quatro) meses, com in\u00edcio em 04\/11\/2024 e t\u00e9rmino em 04\/03\/2025.<\/strong><\/p>\n\n\n\n<p>Entre as principais a\u00e7\u00f5es desenvolvidas, destacam-se: <strong>conhecer aspectos da hist\u00f3ria e cultura africana e afro-brasileira por meio do estudo dos fundamentos e das tradi\u00e7\u00f5es da capoeira; promover a integra\u00e7\u00e3o social dos participantes; fomentar o lazer saud\u00e1vel; e instigar o desenvolvimento de pr\u00e1ticas coletivas que valorizem a integra\u00e7\u00e3o entre as pessoas, a participa\u00e7\u00e3o, a iniciativa, a solidariedade, o respeito, a autoestima e a inclus\u00e3o social<\/strong>.<\/p>\n\n\n\n<p>A iniciativa mostrou-se um <strong>excelente projeto para a comunidade<\/strong>, contribuindo significativamente para o fortalecimento cultural, a inclus\u00e3o social e a valoriza\u00e7\u00e3o das tradi\u00e7\u00f5es da capoeira, al\u00e9m de incentivar a conviv\u00eancia comunit\u00e1ria e o desenvolvimento social dos participantes.<\/p>\n\n\n\n<div class=\"wp-block-columns is-layout-flex wp-container-core-columns-is-layout-9d6595d7 wp-block-columns-is-layout-flex\">\n<div class=\"wp-block-column is-layout-flow wp-block-column-is-layout-flow\"><\/div>\n\n\n\n<div class=\"wp-block-column is-layout-flow wp-block-column-is-layout-flow\"><\/div>\n<\/div>\n\n\n\n<p><a href=\"http:\/\/institutoipas.org.br\/wp-content\/uploads\/2026\/03\/Plano-de-Trabalho-Corrida-PROCLAMACAO.pdf\">SECEPI &#8211; CORRIDA DA PROCLAMA\u00c7\u00c3O DA REP\u00daBLICA<\/a><\/p>\n\n\n\n<p>O <strong>Projeto Corrida da Proclama\u00e7\u00e3o da Rep\u00fablica<\/strong> \u00e9 uma iniciativa do <strong>Instituto Piau\u00ed de A\u00e7\u00e3o Social (IPAS)<\/strong>, realizada com recursos disponibilizados pela <strong>Secretaria dos Esportes do Estado do Piau\u00ed (SECEPI)<\/strong>. A a\u00e7\u00e3o tem como objetivo incentivar a pr\u00e1tica esportiva, promover sa\u00fade e bem-estar e estimular a participa\u00e7\u00e3o da comunidade por meio do esporte, celebrando a data hist\u00f3rica da Proclama\u00e7\u00e3o da Rep\u00fablica do Brasil e fortalecendo valores de cidadania, integra\u00e7\u00e3o social e qualidade de vida.<\/p>\n\n\n\n<p>Durante sua execu\u00e7\u00e3o, o projeto contou com a participa\u00e7\u00e3o de <strong>cerca de 600 pessoas de forma direta<\/strong>, entre atletas e membros da comunidade, reunindo participantes em uma grande atividade esportiva e de conviv\u00eancia social. Considerando o p\u00fablico presente, equipe de apoio, organiza\u00e7\u00e3o e demais envolvidos, <strong>a a\u00e7\u00e3o alcan\u00e7ou aproximadamente 1.000 pessoas de forma total<\/strong>, fortalecendo o esporte como instrumento de inclus\u00e3o e participa\u00e7\u00e3o comunit\u00e1ria.<\/p>\n\n\n\n<p>O evento foi realizado na cidade de <strong>Teresina \u2013 PI<\/strong>, no dia <strong>15 de novembro de 2024<\/strong>, data comemorativa em alus\u00e3o \u00e0 Proclama\u00e7\u00e3o da Rep\u00fablica, sendo organizado no formato de <strong>corrida de rua<\/strong>, em um ambiente seguro e estruturado para receber os participantes.<\/p>\n\n\n\n<p>Entre as principais a\u00e7\u00f5es desenvolvidas, destacam-se: <strong>incentivar a pr\u00e1tica de atividades f\u00edsicas; promover o lazer e h\u00e1bitos de vida saud\u00e1veis; estimular a integra\u00e7\u00e3o entre os participantes; fortalecer o esp\u00edrito esportivo; e proporcionar \u00e0 comunidade um momento de conviv\u00eancia, supera\u00e7\u00e3o pessoal e valoriza\u00e7\u00e3o do esporte<\/strong>.<\/p>\n\n\n\n<p>A iniciativa mostrou-se <strong>um excelente projeto para a comunidade<\/strong>, contribuindo para a promo\u00e7\u00e3o da sa\u00fade, do bem-estar e da qualidade de vida, al\u00e9m de fortalecer o esporte como ferramenta de integra\u00e7\u00e3o social e participa\u00e7\u00e3o cidad\u00e3.<\/p>\n\n\n\n<div class=\"wp-block-columns is-layout-flex wp-container-core-columns-is-layout-9d6595d7 wp-block-columns-is-layout-flex\">\n<div class=\"wp-block-column is-layout-flow wp-block-column-is-layout-flow\"><\/div>\n\n\n\n<div class=\"wp-block-column is-layout-flow wp-block-column-is-layout-flow\"><\/div>\n<\/div>\n\n\n\n<p><strong><a href=\"http:\/\/institutoipas.org.br\/wp-content\/uploads\/2026\/03\/EXTRATO-TERMO-DE-PARCERIA-001_2025-1.pdf\">PREFEITURA DE CRISTINO CASTRO &#8211; CORRIDA 72 ANOS DE CRISTINO CASTRO<\/a><\/strong><\/p>\n\n\n\n<p>O <strong>Projeto Corrida 72 Anos de Cristino Castro<\/strong> \u00e9 uma iniciativa do <strong>Instituto Piau\u00ed de A\u00e7\u00e3o Social (IPAS)<\/strong>, realizada por meio de conv\u00eanio com a <strong>Prefeitura Municipal de Cristino Castro<\/strong>. A a\u00e7\u00e3o teve como objetivo incentivar a pr\u00e1tica esportiva, promover sa\u00fade e bem-estar e fortalecer a integra\u00e7\u00e3o da comunidade por meio do esporte, celebrando o anivers\u00e1rio de emancipa\u00e7\u00e3o do munic\u00edpio e estimulando a participa\u00e7\u00e3o cidad\u00e3 e a valoriza\u00e7\u00e3o das atividades esportivas locais.<\/p>\n\n\n\n<p>Durante sua execu\u00e7\u00e3o, o projeto contou com a participa\u00e7\u00e3o de <strong>centenas de atletas e membros da comunidade<\/strong>, reunindo participantes em uma grande atividade esportiva e de conviv\u00eancia social. A iniciativa proporcionou um momento de integra\u00e7\u00e3o entre moradores, atletas amadores e entusiastas do esporte, fortalecendo o esp\u00edrito esportivo e a participa\u00e7\u00e3o comunit\u00e1ria.<\/p>\n\n\n\n<p>O evento foi realizado na cidade de <strong>Cristino Castro \u2013 PI<\/strong>, em comemora\u00e7\u00e3o aos <strong>72 anos de emancipa\u00e7\u00e3o pol\u00edtica do munic\u00edpio<\/strong>, sendo organizado no formato de <strong>corrida de rua<\/strong>, em um ambiente seguro e estruturado para receber os participantes.<\/p>\n\n\n\n<p>Entre as principais a\u00e7\u00f5es desenvolvidas, destacam-se: <strong>incentivar a pr\u00e1tica de atividades f\u00edsicas; promover o lazer e h\u00e1bitos de vida saud\u00e1veis; estimular a integra\u00e7\u00e3o entre os participantes; fortalecer o esp\u00edrito esportivo; e proporcionar \u00e0 comunidade um momento de conviv\u00eancia, celebra\u00e7\u00e3o e valoriza\u00e7\u00e3o do esporte local<\/strong>.<\/p>\n\n\n\n<p>A iniciativa mostrou-se <strong>um excelente projeto para a comunidade<\/strong>, contribuindo para a promo\u00e7\u00e3o da sa\u00fade, do bem-estar e da qualidade de vida, al\u00e9m de fortalecer o esporte como ferramenta de integra\u00e7\u00e3o social e celebra\u00e7\u00e3o das conquistas do munic\u00edpio.<\/p>\n\n\n\n<div class=\"wp-block-columns is-layout-flex wp-container-core-columns-is-layout-9d6595d7 wp-block-columns-is-layout-flex\">\n<div class=\"wp-block-column is-layout-flow wp-block-column-is-layout-flow\"><\/div>\n\n\n\n<div class=\"wp-block-column is-layout-flow wp-block-column-is-layout-flow\"><\/div>\n<\/div>\n","protected":false},"excerpt":{"rendered":"<p>Projetos em Execu\u00e7\u00e3o \u203c\ufe0fSem Projetos em Execu\u00e7\u00e3o\u203c\ufe0f Projetos Executados SECULT &#8211; CAPOERIA O projeto Capoeira Cultura e Arte: N\u00facleo de Base de Pr\u00e1tica e Preserva\u00e7\u00e3o da Arte Capoeira \u00e9 uma iniciativa do Instituto Piau\u00ed de A\u00e7\u00e3o Social (IPAS), realizada com recursos disponibilizados pela Secretaria de Estado da Cultura do Piau\u00ed (SECULT-PI). A a\u00e7\u00e3o tem como [&hellip;]<\/p>\n","protected":false},"author":1,"featured_media":0,"parent":0,"menu_order":0,"comment_status":"closed","ping_status":"closed","template":"","meta":{"saved_in_kubio":false,"footnotes":""},"class_list":["post-27","page","type-page","status-publish","hentry"],"kubio_ai_page_context":{"short_desc":"","purpose":"general"},"_links":{"self":[{"href":"https:\/\/institutoipas.org.br\/index.php?rest_route=\/wp\/v2\/pages\/27","targetHints":{"allow":["GET"]}}],"collection":[{"href":"https:\/\/institutoipas.org.br\/index.php?rest_route=\/wp\/v2\/pages"}],"about":[{"href":"https:\/\/institutoipas.org.br\/index.php?rest_route=\/wp\/v2\/types\/page"}],"author":[{"embeddable":true,"href":"https:\/\/institutoipas.org.br\/index.php?rest_route=\/wp\/v2\/users\/1"}],"replies":[{"embeddable":true,"href":"https:\/\/institutoipas.org.br\/index.php?rest_route=%2Fwp%2Fv2%2Fcomments&post=27"}],"version-history":[{"count":22,"href":"https:\/\/institutoipas.org.br\/index.php?rest_route=\/wp\/v2\/pages\/27\/revisions"}],"predecessor-version":[{"id":208,"href":"https:\/\/institutoipas.org.br\/index.php?rest_route=\/wp\/v2\/pages\/27\/revisions\/208"}],"wp:attachment":[{"href":"https:\/\/institutoipas.org.br\/index.php?rest_route=%2Fwp%2Fv2%2Fmedia&parent=27"}],"curies":[{"name":"wp","href":"https:\/\/api.w.org\/{rel}","templated":true}]}}